{"id":1740,"date":"2024-03-21T21:34:46","date_gmt":"2024-03-21T21:34:46","guid":{"rendered":"https:\/\/www.gastrofussball.ch\/?page_id=1740"},"modified":"2024-03-21T21:34:47","modified_gmt":"2024-03-21T21:34:47","slug":"ambassadeur-antonio-colaianni","status":"publish","type":"page","link":"https:\/\/www.gastrofussball.ch\/index.php\/ambassadeur-antonio-colaianni\/","title":{"rendered":"Ambassadeur Antonio Colaianni"},"content":{"rendered":"\n<figure class=\"wp-block-image size-full\"><img loading=\"lazy\" decoding=\"async\" width=\"524\" height=\"524\" src=\"https:\/\/www.gastrofussball.ch\/wp-content\/uploads\/2024\/03\/Antonio-edited.jpg\" alt=\"\" class=\"wp-image-1742\" srcset=\"https:\/\/www.gastrofussball.ch\/wp-content\/uploads\/2024\/03\/Antonio-edited.jpg 524w, https:\/\/www.gastrofussball.ch\/wp-content\/uploads\/2024\/03\/Antonio-edited-300x300.jpg 300w, https:\/\/www.gastrofussball.ch\/wp-content\/uploads\/2024\/03\/Antonio-edited-150x150.jpg 150w, https:\/\/www.gastrofussball.ch\/wp-content\/uploads\/2024\/03\/Antonio-edited-200x200.jpg 200w\" sizes=\"auto, (max-width: 524px) 100vw, 524px\" \/><\/figure>\n\n\n<p>An\u00adto\u00adnio Co\u00adlai\u00adan\u00adni ist ei\u00adner der re\u00adnom\u00admier\u00adtes\u00adten ita\u00adlie\u00adni\u00adschen K\u00f6\u00adche der Schweiz. Der in Bern auf\u00adge\u00adwach\u00adse\u00adne und mehr\u00adfach mit Ster\u00adnen und Punk\u00adten ge\u00adadel\u00adte S\u00fcd\u00adita\u00adlie\u00adner er\u00adfreut sich ei\u00adner rie\u00adsi\u00adgen Gour\u00admet-Fan\u00adge\u00admein\u00adde. Er be\u00adschreibt sei\u00adnen Stil als &#8222;me\u00addi\u00adter\u00adran-ita\u00adlie\u00adnisch auf fran\u00adz\u00f6\u00adsi\u00adscher Ba\u00adsis&#8220;.<\/p>\n<p>Colaianni war bereits in bekannten Restaurants wie dem \u00abMesa\u00bb in Z\u00fcrich und dem Restaurant Ornellaia t\u00e4tig. In der Vergangenheit erhielt er einen Michelin-Stern und 17 Gault-Millau-Punkte f\u00fcr seine K\u00fcche, die auf traditionellen Rezepten und frischen Zutaten basiert. Der K\u00fcchenchef kombiniere dabei seine Leidenschaft f\u00fcr die mediterrane K\u00fcche mit franz\u00f6sischen Kochtechniken<\/p>","protected":false},"excerpt":{"rendered":"<p>An\u00adto\u00adnio Co\u00adlai\u00adan\u00adni ist ei\u00adner der re\u00adnom\u00admier\u00adtes\u00adten ita\u00adlie\u00adni\u00adschen K\u00f6\u00adche der Schweiz. Der in Bern auf\u00adge\u00adwach\u00adse\u00adne und&#8230;<\/p>\n","protected":false},"author":1,"featured_media":0,"parent":0,"menu_order":0,"comment_status":"closed","ping_status":"closed","template":"","meta":{"footnotes":""},"class_list":["post-1740","page","type-page","status-publish","hentry"],"_links":{"self":[{"href":"https:\/\/www.gastrofussball.ch\/index.php\/wp-json\/wp\/v2\/pages\/1740","targetHints":{"allow":["GET"]}}],"collection":[{"href":"https:\/\/www.gastrofussball.ch\/index.php\/wp-json\/wp\/v2\/pages"}],"about":[{"href":"https:\/\/www.gastrofussball.ch\/index.php\/wp-json\/wp\/v2\/types\/page"}],"author":[{"embeddable":true,"href":"https:\/\/www.gastrofussball.ch\/index.php\/wp-json\/wp\/v2\/users\/1"}],"replies":[{"embeddable":true,"href":"https:\/\/www.gastrofussball.ch\/index.php\/wp-json\/wp\/v2\/comments?post=1740"}],"version-history":[{"count":1,"href":"https:\/\/www.gastrofussball.ch\/index.php\/wp-json\/wp\/v2\/pages\/1740\/revisions"}],"predecessor-version":[{"id":1743,"href":"https:\/\/www.gastrofussball.ch\/index.php\/wp-json\/wp\/v2\/pages\/1740\/revisions\/1743"}],"wp:attachment":[{"href":"https:\/\/www.gastrofussball.ch\/index.php\/wp-json\/wp\/v2\/media?parent=1740"}],"curies":[{"name":"wp","href":"https:\/\/api.w.org\/{rel}","templated":true}]}}